{"id":213865,"date":"2023-05-04T00:26:25","date_gmt":"2023-05-03T23:26:25","guid":{"rendered":"https:\/\/eearhalterophilie.fr\/?page_id=213865"},"modified":"2023-11-17T22:50:19","modified_gmt":"2023-11-17T21:50:19","slug":"halterophilie","status":"publish","type":"page","link":"https:\/\/eearhalterophilie.fr\/index.php\/halterophilie\/","title":{"rendered":"Halt\u00e9rophilie"},"content":{"rendered":"\t\t<div data-elementor-type=\"wp-page\" data-elementor-id=\"213865\" class=\"elementor elementor-213865\">\n\t\t\t\t\t\t<section class=\"elementor-section elementor-top-section elementor-element elementor-element-8db14c4 elementor-section-full_width elementor-section-height-default elementor-section-height-default\" data-id=\"8db14c4\" data-element_type=\"section\" data-settings=\"{&quot;background_background&quot;:&quot;classic&quot;}\">\n\t\t\t\t\t\t\t<div class=\"elementor-background-overlay\"><\/div>\n\t\t\t\t\t\t\t<div class=\"elementor-container elementor-column-gap-default\">\n\t\t\t\t\t<div class=\"elementor-column elementor-col-100 elementor-top-column elementor-element elementor-element-d70aca6\" data-id=\"d70aca6\" data-element_type=\"column\">\n\t\t\t<div class=\"elementor-widget-wrap elementor-element-populated\">\n\t\t\t\t\t\t<div class=\"elementor-element elementor-element-756f895 elementor-widget elementor-widget-heading\" data-id=\"756f895\" data-element_type=\"widget\" data-widget_type=\"heading.default\">\n\t\t\t\t<div class=\"elementor-widget-container\">\n\t\t\t<h1 class=\"elementor-heading-title elementor-size-default\">Halt\u00e9rophiliE<\/h1>\t\t<\/div>\n\t\t\t\t<\/div>\n\t\t\t\t\t<\/div>\n\t\t<\/div>\n\t\t\t\t\t<\/div>\n\t\t<\/section>\n\t\t\t\t<section class=\"elementor-section elementor-top-section elementor-element elementor-element-0f1c111 elementor-section-boxed elementor-section-height-default elementor-section-height-default\" data-id=\"0f1c111\" data-element_type=\"section\" data-settings=\"{&quot;background_background&quot;:&quot;gradient&quot;}\">\n\t\t\t\t\t\t<div class=\"elementor-container elementor-column-gap-default\">\n\t\t\t\t\t<div class=\"elementor-column elementor-col-100 elementor-top-column elementor-element elementor-element-890f12a\" data-id=\"890f12a\" data-element_type=\"column\">\n\t\t\t<div class=\"elementor-widget-wrap elementor-element-populated\">\n\t\t\t\t\t\t<div class=\"elementor-element elementor-element-fd8d0dd elementor-widget elementor-widget-heading\" data-id=\"fd8d0dd\" data-element_type=\"widget\" data-widget_type=\"heading.default\">\n\t\t\t\t<div class=\"elementor-widget-container\">\n\t\t\t<h2 class=\"elementor-heading-title elementor-size-default\">L'halt\u00e9rophilie c'est quoi ?<\/h2>\t\t<\/div>\n\t\t\t\t<\/div>\n\t\t\t\t<div class=\"elementor-element elementor-element-5cc8064 elementor-widget elementor-widget-text-editor\" data-id=\"5cc8064\" data-element_type=\"widget\" data-widget_type=\"text-editor.default\">\n\t\t\t\t<div class=\"elementor-widget-container\">\n\t\t\t\t\t\t\t<p>L&rsquo;halt\u00e9rophilie est un sport olympique qui consiste \u00e0 soulever des poids dans deux mouvements principaux : l&rsquo;arrach\u00e9 et l&rsquo;\u00e9paul\u00e9-jet\u00e9. Cette discipline exige de la force, de la puissance, de la technique et de la coordination pour soulever des poids lourds au-dessus de la t\u00eate.\u00a0<span style=\"background-color: transparent; letter-spacing: var(--bodyletterspacing); text-transform: var(--bodytexttransform);\">Les comp\u00e9titions d&rsquo;halt\u00e9rophilie consistent en trois essais de chaque mouvement (arrach\u00e9 et \u00e9paul\u00e9-jet\u00e9) pour chaque athl\u00e8te. L&rsquo;athl\u00e8te qui soul\u00e8ve le plus de poids total remporte la m\u00e9daille d&rsquo;or. Les poids utilis\u00e9s en comp\u00e9tition peuvent varier en fonction de la cat\u00e9gorie de poids de l&rsquo;athl\u00e8te.\u00a0<\/span><span style=\"background-color: transparent; letter-spacing: var(--bodyletterspacing); text-transform: var(--bodytexttransform);\">L&rsquo;halt\u00e9rophilie est un sport exigeant qui n\u00e9cessite de la force physique, mais \u00e9galement une bonne technique. Les mouvements sont tr\u00e8s techniques et doivent \u00eatre ex\u00e9cut\u00e9s avec pr\u00e9cision. Depuis 1920 <a href=\"https:\/\/halterophiliefrance.fr\/\">l&rsquo;halt\u00e9rophilie Fran\u00e7aise<\/a> \u00e0 r\u00e9colt\u00e9 15 m\u00e9dailles aux jeux olympiques<\/span><\/p><p>Outre les comp\u00e9titions, l&rsquo;halt\u00e9rophilie peut \u00eatre pratiqu\u00e9e comme un sport de loisir ou pour am\u00e9liorer la force et la condition physique. Elle peut \u00e9galement \u00eatre utilis\u00e9e comme m\u00e9thode d&rsquo;entra\u00eenement pour les athl\u00e8tes de diff\u00e9rentes disciplines sportives pour am\u00e9liorer leur force et leur puissance.<\/p>\t\t\t\t\t\t<\/div>\n\t\t\t\t<\/div>\n\t\t\t\t<div class=\"elementor-element elementor-element-c406460 elementor-align-left elementor-widget elementor-widget-button\" data-id=\"c406460\" data-element_type=\"widget\" data-widget_type=\"button.default\">\n\t\t\t\t<div class=\"elementor-widget-container\">\n\t\t\t\t\t<div class=\"elementor-button-wrapper\">\n\t\t\t<a class=\"elementor-button elementor-button-link elementor-size-sm\" href=\"#\">\n\t\t\t\t\t\t<span class=\"elementor-button-content-wrapper\">\n\t\t\t\t\t\t<span class=\"elementor-button-icon\">\n\t\t\t\t<i aria-hidden=\"true\" class=\"far fa-arrow-alt-circle-right\"><\/i>\t\t\t<\/span>\n\t\t\t\t\t\t\t\t\t<span class=\"elementor-button-text\">Nous contacter<\/span>\n\t\t\t\t\t<\/span>\n\t\t\t\t\t<\/a>\n\t\t<\/div>\n\t\t\t\t<\/div>\n\t\t\t\t<\/div>\n\t\t\t\t\t<\/div>\n\t\t<\/div>\n\t\t\t\t\t<\/div>\n\t\t<\/section>\n\t\t\t\t<section class=\"elementor-section elementor-top-section elementor-element elementor-element-fa4f3e1 elementor-section-boxed elementor-section-height-default elementor-section-height-default\" data-id=\"fa4f3e1\" data-element_type=\"section\" data-settings=\"{&quot;background_background&quot;:&quot;classic&quot;}\">\n\t\t\t\t\t\t<div class=\"elementor-container elementor-column-gap-default\">\n\t\t\t\t\t<div class=\"elementor-column elementor-col-33 elementor-top-column elementor-element elementor-element-a54e3d8\" data-id=\"a54e3d8\" data-element_type=\"column\">\n\t\t\t<div class=\"elementor-widget-wrap elementor-element-populated\">\n\t\t\t\t\t\t<div class=\"elementor-element elementor-element-64ecf98 elementor-widget elementor-widget-image\" data-id=\"64ecf98\" data-element_type=\"widget\" data-widget_type=\"image.default\">\n\t\t\t\t<div class=\"elementor-widget-container\">\n\t\t\t\t\t\t\t\t\t\t\t\t\t<img fetchpriority=\"high\" decoding=\"async\" width=\"1024\" height=\"683\" src=\"https:\/\/eearhalterophilie.fr\/wp-content\/uploads\/2020\/11\/A57I3158-1024x683.jpg\" class=\"attachment-large size-large wp-image-213674\" alt=\"\" srcset=\"https:\/\/eearhalterophilie.fr\/wp-content\/uploads\/2020\/11\/A57I3158-1024x683.jpg 1024w, https:\/\/eearhalterophilie.fr\/wp-content\/uploads\/2020\/11\/A57I3158-scaled-600x400.jpg 600w, https:\/\/eearhalterophilie.fr\/wp-content\/uploads\/2020\/11\/A57I3158-300x200.jpg 300w, https:\/\/eearhalterophilie.fr\/wp-content\/uploads\/2020\/11\/A57I3158-768x512.jpg 768w, https:\/\/eearhalterophilie.fr\/wp-content\/uploads\/2020\/11\/A57I3158-1536x1024.jpg 1536w, https:\/\/eearhalterophilie.fr\/wp-content\/uploads\/2020\/11\/A57I3158-2048x1365.jpg 2048w, https:\/\/eearhalterophilie.fr\/wp-content\/uploads\/2020\/11\/A57I3158-610x407.jpg 610w, https:\/\/eearhalterophilie.fr\/wp-content\/uploads\/2020\/11\/A57I3158-1080x720.jpg 1080w, https:\/\/eearhalterophilie.fr\/wp-content\/uploads\/2020\/11\/A57I3158-1280x854.jpg 1280w, https:\/\/eearhalterophilie.fr\/wp-content\/uploads\/2020\/11\/A57I3158-980x653.jpg 980w, https:\/\/eearhalterophilie.fr\/wp-content\/uploads\/2020\/11\/A57I3158-480x320.jpg 480w\" sizes=\"(max-width: 1024px) 100vw, 1024px\" \/>\t\t\t\t\t\t\t\t\t\t\t\t\t<\/div>\n\t\t\t\t<\/div>\n\t\t\t\t\t<\/div>\n\t\t<\/div>\n\t\t\t\t<div class=\"elementor-column elementor-col-66 elementor-top-column elementor-element elementor-element-25347e6\" data-id=\"25347e6\" data-element_type=\"column\">\n\t\t\t<div class=\"elementor-widget-wrap elementor-element-populated\">\n\t\t\t\t\t\t<div class=\"elementor-element elementor-element-85ca7e3 elementor-widget elementor-widget-heading\" data-id=\"85ca7e3\" data-element_type=\"widget\" data-widget_type=\"heading.default\">\n\t\t\t\t<div class=\"elementor-widget-container\">\n\t\t\t<h2 class=\"elementor-heading-title elementor-size-default\">L'arrach\u00e9<\/h2>\t\t<\/div>\n\t\t\t\t<\/div>\n\t\t\t\t<div class=\"elementor-element elementor-element-4edad4b elementor-widget elementor-widget-text-editor\" data-id=\"4edad4b\" data-element_type=\"widget\" data-widget_type=\"text-editor.default\">\n\t\t\t\t<div class=\"elementor-widget-container\">\n\t\t\t\t\t\t\t<p>L&rsquo;halt\u00e9rophilie est un sport olympique compos\u00e9 de deux mouvements, l&rsquo;arrach\u00e9 et l&rsquo;\u00e9paul\u00e9 jet\u00e9. En comp\u00e9tition, les athl\u00e8tes sont s\u00e9par\u00e9s en cat\u00e9gories d&rsquo;\u00e2ge et de poids. Ils ont trois essais dans chaque mouvement pour soulever le plus lourd possible.<\/p>\t\t\t\t\t\t<\/div>\n\t\t\t\t<\/div>\n\t\t\t\t\t<\/div>\n\t\t<\/div>\n\t\t\t\t\t<\/div>\n\t\t<\/section>\n\t\t\t\t<section class=\"elementor-section elementor-top-section elementor-element elementor-element-04e59bd elementor-section-boxed elementor-section-height-default elementor-section-height-default\" data-id=\"04e59bd\" data-element_type=\"section\" data-settings=\"{&quot;background_background&quot;:&quot;gradient&quot;}\">\n\t\t\t\t\t\t<div class=\"elementor-container elementor-column-gap-default\">\n\t\t\t\t\t<div class=\"elementor-column elementor-col-66 elementor-top-column elementor-element elementor-element-8e8b38b\" data-id=\"8e8b38b\" data-element_type=\"column\">\n\t\t\t<div class=\"elementor-widget-wrap elementor-element-populated\">\n\t\t\t\t\t\t<div class=\"elementor-element elementor-element-81b04ac elementor-widget elementor-widget-heading\" data-id=\"81b04ac\" data-element_type=\"widget\" data-widget_type=\"heading.default\">\n\t\t\t\t<div class=\"elementor-widget-container\">\n\t\t\t<h2 class=\"elementor-heading-title elementor-size-default\">L'\u00e9paul\u00e9 jet\u00e9<\/h2>\t\t<\/div>\n\t\t\t\t<\/div>\n\t\t\t\t<div class=\"elementor-element elementor-element-68ffe21 elementor-widget elementor-widget-text-editor\" data-id=\"68ffe21\" data-element_type=\"widget\" data-widget_type=\"text-editor.default\">\n\t\t\t\t<div class=\"elementor-widget-container\">\n\t\t\t\t\t\t\t<p>Venez encourager nos athl\u00e8tes au Tournoi de l&rsquo;EEAR Monteux en Septembre 2023. Des \u00e9quipes mixtes s&rsquo;affronteront dans une comp\u00e9tition au format un peu particulier. Arrach\u00e9 Epaul\u00e9 jet\u00e9 et Squat, chaque athl\u00e8te devra r\u00e9aliser une des trois mouvement.<\/p>\t\t\t\t\t\t<\/div>\n\t\t\t\t<\/div>\n\t\t\t\t\t<\/div>\n\t\t<\/div>\n\t\t\t\t<div class=\"elementor-column elementor-col-33 elementor-top-column elementor-element elementor-element-d459e62\" data-id=\"d459e62\" data-element_type=\"column\">\n\t\t\t<div class=\"elementor-widget-wrap elementor-element-populated\">\n\t\t\t\t\t\t<div class=\"elementor-element elementor-element-0748800 elementor-widget elementor-widget-image\" data-id=\"0748800\" data-element_type=\"widget\" data-widget_type=\"image.default\">\n\t\t\t\t<div class=\"elementor-widget-container\">\n\t\t\t\t\t\t\t\t\t\t\t\t\t<img decoding=\"async\" width=\"1024\" height=\"685\" src=\"https:\/\/eearhalterophilie.fr\/wp-content\/uploads\/2020\/11\/DSC09544-1024x685.jpg\" class=\"attachment-large size-large wp-image-213690\" alt=\"\" srcset=\"https:\/\/eearhalterophilie.fr\/wp-content\/uploads\/2020\/11\/DSC09544-1024x685.jpg 1024w, https:\/\/eearhalterophilie.fr\/wp-content\/uploads\/2020\/11\/DSC09544-scaled-600x402.jpg 600w, https:\/\/eearhalterophilie.fr\/wp-content\/uploads\/2020\/11\/DSC09544-300x201.jpg 300w, https:\/\/eearhalterophilie.fr\/wp-content\/uploads\/2020\/11\/DSC09544-768x514.jpg 768w, https:\/\/eearhalterophilie.fr\/wp-content\/uploads\/2020\/11\/DSC09544-1536x1028.jpg 1536w, https:\/\/eearhalterophilie.fr\/wp-content\/uploads\/2020\/11\/DSC09544-2048x1371.jpg 2048w, https:\/\/eearhalterophilie.fr\/wp-content\/uploads\/2020\/11\/DSC09544-610x408.jpg 610w, https:\/\/eearhalterophilie.fr\/wp-content\/uploads\/2020\/11\/DSC09544-1080x723.jpg 1080w, https:\/\/eearhalterophilie.fr\/wp-content\/uploads\/2020\/11\/DSC09544-1280x857.jpg 1280w, https:\/\/eearhalterophilie.fr\/wp-content\/uploads\/2020\/11\/DSC09544-980x656.jpg 980w, https:\/\/eearhalterophilie.fr\/wp-content\/uploads\/2020\/11\/DSC09544-480x321.jpg 480w\" sizes=\"(max-width: 1024px) 100vw, 1024px\" \/>\t\t\t\t\t\t\t\t\t\t\t\t\t<\/div>\n\t\t\t\t<\/div>\n\t\t\t\t\t<\/div>\n\t\t<\/div>\n\t\t\t\t\t<\/div>\n\t\t<\/section>\n\t\t\t\t<section class=\"elementor-section elementor-top-section elementor-element elementor-element-7cd122b elementor-section-boxed elementor-section-height-default elementor-section-height-default\" data-id=\"7cd122b\" data-element_type=\"section\" data-settings=\"{&quot;background_background&quot;:&quot;classic&quot;}\">\n\t\t\t\t\t\t<div class=\"elementor-container elementor-column-gap-default\">\n\t\t\t\t\t<div class=\"elementor-column elementor-col-100 elementor-top-column elementor-element elementor-element-29c58a2\" data-id=\"29c58a2\" data-element_type=\"column\">\n\t\t\t<div class=\"elementor-widget-wrap elementor-element-populated\">\n\t\t\t\t\t\t<div class=\"elementor-element elementor-element-c36daeb elementor-widget elementor-widget-heading\" data-id=\"c36daeb\" data-element_type=\"widget\" data-widget_type=\"heading.default\">\n\t\t\t\t<div class=\"elementor-widget-container\">\n\t\t\t<h2 class=\"elementor-heading-title elementor-size-default\">Pr\u00eat \u00e0 commencer ?<\/h2>\t\t<\/div>\n\t\t\t\t<\/div>\n\t\t\t\t<div class=\"elementor-element elementor-element-779d177 elementor-widget elementor-widget-text-editor\" data-id=\"779d177\" data-element_type=\"widget\" data-widget_type=\"text-editor.default\">\n\t\t\t\t<div class=\"elementor-widget-container\">\n\t\t\t\t\t\t\t<p>L&rsquo;halt\u00e9rophilie est un sport olympique compos\u00e9 de deux mouvements, l&rsquo;arrach\u00e9 et l&rsquo;\u00e9paul\u00e9 jet\u00e9. En comp\u00e9tition, les athl\u00e8tes sont s\u00e9par\u00e9s en cat\u00e9gories d&rsquo;\u00e2ge et de poids. Ils ont trois essais dans chaque mouvement pour soulever le plus lourd possible.<\/p>\t\t\t\t\t\t<\/div>\n\t\t\t\t<\/div>\n\t\t\t\t\t<\/div>\n\t\t<\/div>\n\t\t\t\t\t<\/div>\n\t\t<\/section>\n\t\t\t\t<\/div>\n\t\t","protected":false},"excerpt":{"rendered":"<p>Halt\u00e9rophiliE L&rsquo;halt\u00e9rophilie c&rsquo;est quoi ? L&rsquo;halt\u00e9rophilie est un sport olympique qui consiste \u00e0 soulever des poids dans deux mouvements principaux : l&rsquo;arrach\u00e9 et l&rsquo;\u00e9paul\u00e9-jet\u00e9. Cette discipline exige de la force,&hellip;&nbsp;<a href=\"https:\/\/eearhalterophilie.fr\/index.php\/halterophilie\/\" class=\"\" rel=\"bookmark\">Lire la suite &raquo;<span class=\"screen-reader-text\">Halt\u00e9rophilie<\/span><\/a><\/p>\n","protected":false},"author":1,"featured_media":0,"parent":0,"menu_order":0,"comment_status":"closed","ping_status":"closed","template":"elementor_header_footer","meta":{"neve_meta_sidebar":"","neve_meta_container":"","neve_meta_enable_content_width":"","neve_meta_content_width":0,"neve_meta_title_alignment":"","neve_meta_author_avatar":"","neve_post_elements_order":"","neve_meta_disable_header":"","neve_meta_disable_footer":"","neve_meta_disable_title":"","_ti_tpc_template_sync":false,"_ti_tpc_template_id":""},"yoast_head":"<!-- This site is optimized with the Yoast SEO plugin v21.8.1 - https:\/\/yoast.com\/wordpress\/plugins\/seo\/ -->\n<title>Halt\u00e9rophilie - EEAR Monteux<\/title>\n<meta name=\"description\" content=\"D\u00e9couvrez l&#039;Halt\u00e9rophilie \u00e0 Monteux, club affili\u00e9 \u00e0 la FFHM. Monteux forme chaque ann\u00e9e des halt\u00e9rophile de tout niveaux...\" \/>\n<meta name=\"robots\" content=\"index, follow, max-snippet:-1, max-image-preview:large, max-video-preview:-1\" \/>\n<link rel=\"canonical\" href=\"https:\/\/eearhalterophilie.fr\/index.php\/halterophilie\/\" \/>\n<meta property=\"og:locale\" content=\"fr_FR\" \/>\n<meta property=\"og:type\" content=\"article\" \/>\n<meta property=\"og:title\" content=\"Halt\u00e9rophilie - EEAR Monteux\" \/>\n<meta property=\"og:description\" content=\"D\u00e9couvrez l&#039;Halt\u00e9rophilie \u00e0 Monteux, club affili\u00e9 \u00e0 la FFHM. Monteux forme chaque ann\u00e9e des halt\u00e9rophile de tout niveaux...\" \/>\n<meta property=\"og:url\" content=\"https:\/\/eearhalterophilie.fr\/index.php\/halterophilie\/\" \/>\n<meta property=\"og:site_name\" content=\"EEAR Monteux\" \/>\n<meta property=\"article:modified_time\" content=\"2023-11-17T21:50:19+00:00\" \/>\n<meta property=\"og:image\" content=\"https:\/\/eearhalterophilie.fr\/wp-content\/uploads\/2020\/11\/A57I3158-1024x683.jpg\" \/>\n<meta name=\"twitter:label1\" content=\"Dur\u00e9e de lecture estim\u00e9e\" \/>\n\t<meta name=\"twitter:data1\" content=\"2 minutes\" \/>\n<script type=\"application\/ld+json\" class=\"yoast-schema-graph\">{\"@context\":\"https:\/\/schema.org\",\"@graph\":[{\"@type\":\"WebPage\",\"@id\":\"https:\/\/eearhalterophilie.fr\/index.php\/halterophilie\/\",\"url\":\"https:\/\/eearhalterophilie.fr\/index.php\/halterophilie\/\",\"name\":\"Halt\u00e9rophilie - EEAR Monteux\",\"isPartOf\":{\"@id\":\"https:\/\/eearhalterophilie.fr\/#website\"},\"datePublished\":\"2023-05-03T23:26:25+00:00\",\"dateModified\":\"2023-11-17T21:50:19+00:00\",\"description\":\"D\u00e9couvrez l'Halt\u00e9rophilie \u00e0 Monteux, club affili\u00e9 \u00e0 la FFHM. Monteux forme chaque ann\u00e9e des halt\u00e9rophile de tout niveaux...\",\"breadcrumb\":{\"@id\":\"https:\/\/eearhalterophilie.fr\/index.php\/halterophilie\/#breadcrumb\"},\"inLanguage\":\"fr-FR\",\"potentialAction\":[{\"@type\":\"ReadAction\",\"target\":[\"https:\/\/eearhalterophilie.fr\/index.php\/halterophilie\/\"]}]},{\"@type\":\"BreadcrumbList\",\"@id\":\"https:\/\/eearhalterophilie.fr\/index.php\/halterophilie\/#breadcrumb\",\"itemListElement\":[{\"@type\":\"ListItem\",\"position\":1,\"name\":\"Accueil\",\"item\":\"https:\/\/eearhalterophilie.fr\/\"},{\"@type\":\"ListItem\",\"position\":2,\"name\":\"Halt\u00e9rophilie\"}]},{\"@type\":\"WebSite\",\"@id\":\"https:\/\/eearhalterophilie.fr\/#website\",\"url\":\"https:\/\/eearhalterophilie.fr\/\",\"name\":\"EEAR Monteux\",\"description\":\"\",\"publisher\":{\"@id\":\"https:\/\/eearhalterophilie.fr\/#organization\"},\"potentialAction\":[{\"@type\":\"SearchAction\",\"target\":{\"@type\":\"EntryPoint\",\"urlTemplate\":\"https:\/\/eearhalterophilie.fr\/?s={search_term_string}\"},\"query-input\":\"required name=search_term_string\"}],\"inLanguage\":\"fr-FR\"},{\"@type\":\"Organization\",\"@id\":\"https:\/\/eearhalterophilie.fr\/#organization\",\"name\":\"EEAR Monteux\",\"url\":\"https:\/\/eearhalterophilie.fr\/\",\"logo\":{\"@type\":\"ImageObject\",\"inLanguage\":\"fr-FR\",\"@id\":\"https:\/\/eearhalterophilie.fr\/#\/schema\/logo\/image\/\",\"url\":\"https:\/\/eearhalterophilie.fr\/wp-content\/uploads\/2020\/11\/EEAR-Logo.jpg\",\"contentUrl\":\"https:\/\/eearhalterophilie.fr\/wp-content\/uploads\/2020\/11\/EEAR-Logo.jpg\",\"width\":472,\"height\":472,\"caption\":\"EEAR Monteux\"},\"image\":{\"@id\":\"https:\/\/eearhalterophilie.fr\/#\/schema\/logo\/image\/\"}}]}<\/script>\n<!-- \/ Yoast SEO plugin. -->","yoast_head_json":{"title":"Halt\u00e9rophilie - EEAR Monteux","description":"D\u00e9couvrez l'Halt\u00e9rophilie \u00e0 Monteux, club affili\u00e9 \u00e0 la FFHM. Monteux forme chaque ann\u00e9e des halt\u00e9rophile de tout niveaux...","robots":{"index":"index","follow":"follow","max-snippet":"max-snippet:-1","max-image-preview":"max-image-preview:large","max-video-preview":"max-video-preview:-1"},"canonical":"https:\/\/eearhalterophilie.fr\/index.php\/halterophilie\/","og_locale":"fr_FR","og_type":"article","og_title":"Halt\u00e9rophilie - EEAR Monteux","og_description":"D\u00e9couvrez l'Halt\u00e9rophilie \u00e0 Monteux, club affili\u00e9 \u00e0 la FFHM. Monteux forme chaque ann\u00e9e des halt\u00e9rophile de tout niveaux...","og_url":"https:\/\/eearhalterophilie.fr\/index.php\/halterophilie\/","og_site_name":"EEAR Monteux","article_modified_time":"2023-11-17T21:50:19+00:00","og_image":[{"url":"https:\/\/eearhalterophilie.fr\/wp-content\/uploads\/2020\/11\/A57I3158-1024x683.jpg"}],"twitter_misc":{"Dur\u00e9e de lecture estim\u00e9e":"2 minutes"},"schema":{"@context":"https:\/\/schema.org","@graph":[{"@type":"WebPage","@id":"https:\/\/eearhalterophilie.fr\/index.php\/halterophilie\/","url":"https:\/\/eearhalterophilie.fr\/index.php\/halterophilie\/","name":"Halt\u00e9rophilie - EEAR Monteux","isPartOf":{"@id":"https:\/\/eearhalterophilie.fr\/#website"},"datePublished":"2023-05-03T23:26:25+00:00","dateModified":"2023-11-17T21:50:19+00:00","description":"D\u00e9couvrez l'Halt\u00e9rophilie \u00e0 Monteux, club affili\u00e9 \u00e0 la FFHM. Monteux forme chaque ann\u00e9e des halt\u00e9rophile de tout niveaux...","breadcrumb":{"@id":"https:\/\/eearhalterophilie.fr\/index.php\/halterophilie\/#breadcrumb"},"inLanguage":"fr-FR","potentialAction":[{"@type":"ReadAction","target":["https:\/\/eearhalterophilie.fr\/index.php\/halterophilie\/"]}]},{"@type":"BreadcrumbList","@id":"https:\/\/eearhalterophilie.fr\/index.php\/halterophilie\/#breadcrumb","itemListElement":[{"@type":"ListItem","position":1,"name":"Accueil","item":"https:\/\/eearhalterophilie.fr\/"},{"@type":"ListItem","position":2,"name":"Halt\u00e9rophilie"}]},{"@type":"WebSite","@id":"https:\/\/eearhalterophilie.fr\/#website","url":"https:\/\/eearhalterophilie.fr\/","name":"EEAR Monteux","description":"","publisher":{"@id":"https:\/\/eearhalterophilie.fr\/#organization"},"potentialAction":[{"@type":"SearchAction","target":{"@type":"EntryPoint","urlTemplate":"https:\/\/eearhalterophilie.fr\/?s={search_term_string}"},"query-input":"required name=search_term_string"}],"inLanguage":"fr-FR"},{"@type":"Organization","@id":"https:\/\/eearhalterophilie.fr\/#organization","name":"EEAR Monteux","url":"https:\/\/eearhalterophilie.fr\/","logo":{"@type":"ImageObject","inLanguage":"fr-FR","@id":"https:\/\/eearhalterophilie.fr\/#\/schema\/logo\/image\/","url":"https:\/\/eearhalterophilie.fr\/wp-content\/uploads\/2020\/11\/EEAR-Logo.jpg","contentUrl":"https:\/\/eearhalterophilie.fr\/wp-content\/uploads\/2020\/11\/EEAR-Logo.jpg","width":472,"height":472,"caption":"EEAR Monteux"},"image":{"@id":"https:\/\/eearhalterophilie.fr\/#\/schema\/logo\/image\/"}}]}},"_links":{"self":[{"href":"https:\/\/eearhalterophilie.fr\/index.php\/wp-json\/wp\/v2\/pages\/213865"}],"collection":[{"href":"https:\/\/eearhalterophilie.fr\/index.php\/wp-json\/wp\/v2\/pages"}],"about":[{"href":"https:\/\/eearhalterophilie.fr\/index.php\/wp-json\/wp\/v2\/types\/page"}],"author":[{"embeddable":true,"href":"https:\/\/eearhalterophilie.fr\/index.php\/wp-json\/wp\/v2\/users\/1"}],"replies":[{"embeddable":true,"href":"https:\/\/eearhalterophilie.fr\/index.php\/wp-json\/wp\/v2\/comments?post=213865"}],"version-history":[{"count":19,"href":"https:\/\/eearhalterophilie.fr\/index.php\/wp-json\/wp\/v2\/pages\/213865\/revisions"}],"predecessor-version":[{"id":214412,"href":"https:\/\/eearhalterophilie.fr\/index.php\/wp-json\/wp\/v2\/pages\/213865\/revisions\/214412"}],"wp:attachment":[{"href":"https:\/\/eearhalterophilie.fr\/index.php\/wp-json\/wp\/v2\/media?parent=213865"}],"curies":[{"name":"wp","href":"https:\/\/api.w.org\/{rel}","templated":true}]}}