{"id":213915,"date":"2023-05-04T01:05:18","date_gmt":"2023-05-04T00:05:18","guid":{"rendered":"https:\/\/eearhalterophilie.fr\/?page_id=213915"},"modified":"2023-11-17T22:53:22","modified_gmt":"2023-11-17T21:53:22","slug":"les-coachs","status":"publish","type":"page","link":"https:\/\/eearhalterophilie.fr\/index.php\/les-coachs\/","title":{"rendered":"Les coachs"},"content":{"rendered":"\t\t<div data-elementor-type=\"wp-page\" data-elementor-id=\"213915\" class=\"elementor elementor-213915\">\n\t\t\t\t\t\t<section class=\"elementor-section elementor-top-section elementor-element elementor-element-ce40cef elementor-section-full_width elementor-section-height-default elementor-section-height-default\" data-id=\"ce40cef\" data-element_type=\"section\" data-settings=\"{&quot;background_background&quot;:&quot;classic&quot;}\">\n\t\t\t\t\t\t\t<div class=\"elementor-background-overlay\"><\/div>\n\t\t\t\t\t\t\t<div class=\"elementor-container elementor-column-gap-default\">\n\t\t\t\t\t<div class=\"elementor-column elementor-col-100 elementor-top-column elementor-element elementor-element-fec5547\" data-id=\"fec5547\" data-element_type=\"column\">\n\t\t\t<div class=\"elementor-widget-wrap elementor-element-populated\">\n\t\t\t\t\t\t<div class=\"elementor-element elementor-element-0dfdc5d elementor-widget elementor-widget-heading\" data-id=\"0dfdc5d\" data-element_type=\"widget\" data-widget_type=\"heading.default\">\n\t\t\t\t<div class=\"elementor-widget-container\">\n\t\t\t<h1 class=\"elementor-heading-title elementor-size-default\">Les coachs<\/h1>\t\t<\/div>\n\t\t\t\t<\/div>\n\t\t\t\t\t<\/div>\n\t\t<\/div>\n\t\t\t\t\t<\/div>\n\t\t<\/section>\n\t\t\t\t<section class=\"elementor-section elementor-top-section elementor-element elementor-element-749251ae elementor-section-content-middle elementor-section-boxed elementor-section-height-default elementor-section-height-default\" data-id=\"749251ae\" data-element_type=\"section\">\n\t\t\t\t\t\t<div class=\"elementor-container elementor-column-gap-no\">\n\t\t\t\t\t<div class=\"elementor-column elementor-col-50 elementor-top-column elementor-element elementor-element-4098019e\" data-id=\"4098019e\" data-element_type=\"column\">\n\t\t\t<div class=\"elementor-widget-wrap elementor-element-populated\">\n\t\t\t\t\t\t<div class=\"elementor-element elementor-element-271cedbc elementor-position-left elementor-vertical-align-middle elementor-widget elementor-widget-image-box\" data-id=\"271cedbc\" data-element_type=\"widget\" data-widget_type=\"image-box.default\">\n\t\t\t\t<div class=\"elementor-widget-container\">\n\t\t\t<div class=\"elementor-image-box-wrapper\"><figure class=\"elementor-image-box-img\"><img fetchpriority=\"high\" decoding=\"async\" width=\"600\" height=\"600\" src=\"https:\/\/eearhalterophilie.fr\/wp-content\/uploads\/2023\/05\/thibault-ferreira-cortes-halterophilie.png\" class=\"attachment-full size-full wp-image-214092\" alt=\"\" srcset=\"https:\/\/eearhalterophilie.fr\/wp-content\/uploads\/2023\/05\/thibault-ferreira-cortes-halterophilie.png 600w, https:\/\/eearhalterophilie.fr\/wp-content\/uploads\/2023\/05\/thibault-ferreira-cortes-halterophilie-300x300.png 300w, https:\/\/eearhalterophilie.fr\/wp-content\/uploads\/2023\/05\/thibault-ferreira-cortes-halterophilie-100x100.png 100w, https:\/\/eearhalterophilie.fr\/wp-content\/uploads\/2023\/05\/thibault-ferreira-cortes-halterophilie-150x150.png 150w\" sizes=\"(max-width: 600px) 100vw, 600px\" \/><\/figure><div class=\"elementor-image-box-content\"><h3 class=\"elementor-image-box-title\">Thibault Ferreira<\/h3><p class=\"elementor-image-box-description\">Entraineur<\/p><\/div><\/div>\t\t<\/div>\n\t\t\t\t<\/div>\n\t\t\t\t<div class=\"elementor-element elementor-element-24555d51 elementor-widget elementor-widget-text-editor\" data-id=\"24555d51\" data-element_type=\"widget\" data-widget_type=\"text-editor.default\">\n\t\t\t\t<div class=\"elementor-widget-container\">\n\t\t\t\t\t\t\t<p>Dipl\u00f4m\u00e9 d&rsquo;une Licence Staps de l&rsquo;Universit\u00e9 de Montpellier, Thibault est en charge de la programmation du club. Il est \u00e9galement athl\u00e8te dans l&rsquo;\u00e9quipe en National 1.<\/p>\t\t\t\t\t\t<\/div>\n\t\t\t\t<\/div>\n\t\t\t\t<div class=\"elementor-element elementor-element-9fe8c7b elementor-align-left elementor-mobile-align-center elementor-widget elementor-widget-button\" data-id=\"9fe8c7b\" data-element_type=\"widget\" data-widget_type=\"button.default\">\n\t\t\t\t<div class=\"elementor-widget-container\">\n\t\t\t\t\t<div class=\"elementor-button-wrapper\">\n\t\t\t<a class=\"elementor-button elementor-button-link elementor-size-sm\" href=\"https:\/\/eearhalterophilie.fr\/contact\/\">\n\t\t\t\t\t\t<span class=\"elementor-button-content-wrapper\">\n\t\t\t\t\t\t<span class=\"elementor-button-icon\">\n\t\t\t\t<i aria-hidden=\"true\" class=\"far fa-arrow-alt-circle-right\"><\/i>\t\t\t<\/span>\n\t\t\t\t\t\t\t\t\t<span class=\"elementor-button-text\">D\u00e9couvrir la programmation<\/span>\n\t\t\t\t\t<\/span>\n\t\t\t\t\t<\/a>\n\t\t<\/div>\n\t\t\t\t<\/div>\n\t\t\t\t<\/div>\n\t\t\t\t\t<\/div>\n\t\t<\/div>\n\t\t\t\t<div class=\"elementor-column elementor-col-50 elementor-top-column elementor-element elementor-element-5434b2d1\" data-id=\"5434b2d1\" data-element_type=\"column\">\n\t\t\t<div class=\"elementor-widget-wrap elementor-element-populated\">\n\t\t\t\t\t\t<div class=\"elementor-element elementor-element-705499d1 elementor-position-left elementor-vertical-align-middle elementor-widget elementor-widget-image-box\" data-id=\"705499d1\" data-element_type=\"widget\" data-widget_type=\"image-box.default\">\n\t\t\t\t<div class=\"elementor-widget-container\">\n\t\t\t<div class=\"elementor-image-box-wrapper\"><figure class=\"elementor-image-box-img\"><img decoding=\"async\" width=\"600\" height=\"600\" src=\"https:\/\/eearhalterophilie.fr\/wp-content\/uploads\/2023\/05\/pierre-gourrier-halterophilie.png\" class=\"attachment-full size-full wp-image-214087\" alt=\"\" srcset=\"https:\/\/eearhalterophilie.fr\/wp-content\/uploads\/2023\/05\/pierre-gourrier-halterophilie.png 600w, https:\/\/eearhalterophilie.fr\/wp-content\/uploads\/2023\/05\/pierre-gourrier-halterophilie-300x300.png 300w, https:\/\/eearhalterophilie.fr\/wp-content\/uploads\/2023\/05\/pierre-gourrier-halterophilie-100x100.png 100w, https:\/\/eearhalterophilie.fr\/wp-content\/uploads\/2023\/05\/pierre-gourrier-halterophilie-150x150.png 150w\" sizes=\"(max-width: 600px) 100vw, 600px\" \/><\/figure><div class=\"elementor-image-box-content\"><h3 class=\"elementor-image-box-title\">Pierre Gourrier<\/h3><p class=\"elementor-image-box-description\">Entraineur<\/p><\/div><\/div>\t\t<\/div>\n\t\t\t\t<\/div>\n\t\t\t\t<div class=\"elementor-element elementor-element-529fadd2 elementor-widget elementor-widget-text-editor\" data-id=\"529fadd2\" data-element_type=\"widget\" data-widget_type=\"text-editor.default\">\n\t\t\t\t<div class=\"elementor-widget-container\">\n\t\t\t\t\t\t\t<p>Ancien athl\u00e8te ayant particip\u00e9 3 fois aux jeux olympiques (1968, 1972, 1976) il est maintenant entra\u00eeneur du club. Profitez de son immense exp\u00e9rience !<\/p>\t\t\t\t\t\t<\/div>\n\t\t\t\t<\/div>\n\t\t\t\t\t<\/div>\n\t\t<\/div>\n\t\t\t\t\t<\/div>\n\t\t<\/section>\n\t\t\t\t<section class=\"elementor-section elementor-top-section elementor-element elementor-element-b0525e6 elementor-section-content-middle elementor-section-boxed elementor-section-height-default elementor-section-height-default\" data-id=\"b0525e6\" data-element_type=\"section\" data-settings=\"{&quot;background_background&quot;:&quot;gradient&quot;,&quot;shape_divider_top&quot;:&quot;curve&quot;,&quot;shape_divider_top_negative&quot;:&quot;yes&quot;}\">\n\t\t\t\t\t<div class=\"elementor-shape elementor-shape-top\" data-negative=\"true\">\n\t\t\t<svg xmlns=\"http:\/\/www.w3.org\/2000\/svg\" viewBox=\"0 0 1000 100\" preserveAspectRatio=\"none\">\n\t<path class=\"elementor-shape-fill\" d=\"M500,97C126.7,96.3,0.8,19.8,0,0v100l1000,0V1C1000,19.4,873.3,97.8,500,97z\"\/>\n<\/svg>\t\t<\/div>\n\t\t\t\t\t<div class=\"elementor-container elementor-column-gap-no\">\n\t\t\t\t\t<div class=\"elementor-column elementor-col-50 elementor-top-column elementor-element elementor-element-43965fc\" data-id=\"43965fc\" data-element_type=\"column\">\n\t\t\t<div class=\"elementor-widget-wrap elementor-element-populated\">\n\t\t\t\t\t\t<div class=\"elementor-element elementor-element-46905d7 elementor-position-left elementor-vertical-align-middle elementor-widget elementor-widget-image-box\" data-id=\"46905d7\" data-element_type=\"widget\" data-widget_type=\"image-box.default\">\n\t\t\t\t<div class=\"elementor-widget-container\">\n\t\t\t<div class=\"elementor-image-box-wrapper\"><figure class=\"elementor-image-box-img\"><img decoding=\"async\" width=\"400\" height=\"400\" src=\"https:\/\/eearhalterophilie.fr\/wp-content\/uploads\/2023\/05\/ava1.png\" class=\"attachment-full size-full wp-image-213927\" alt=\"\" srcset=\"https:\/\/eearhalterophilie.fr\/wp-content\/uploads\/2023\/05\/ava1.png 400w, https:\/\/eearhalterophilie.fr\/wp-content\/uploads\/2023\/05\/ava1-300x300.png 300w, https:\/\/eearhalterophilie.fr\/wp-content\/uploads\/2023\/05\/ava1-100x100.png 100w, https:\/\/eearhalterophilie.fr\/wp-content\/uploads\/2023\/05\/ava1-150x150.png 150w\" sizes=\"(max-width: 400px) 100vw, 400px\" \/><\/figure><div class=\"elementor-image-box-content\"><h3 class=\"elementor-image-box-title\">Benoit Gourrier<\/h3><p class=\"elementor-image-box-description\">Entraineur<\/p><\/div><\/div>\t\t<\/div>\n\t\t\t\t<\/div>\n\t\t\t\t<div class=\"elementor-element elementor-element-ebbccef elementor-widget elementor-widget-text-editor\" data-id=\"ebbccef\" data-element_type=\"widget\" data-widget_type=\"text-editor.default\">\n\t\t\t\t<div class=\"elementor-widget-container\">\n\t\t\t\t\t\t\t<p>I am text block. Click edit button to change this text. Lorem ipsum dolor sit amet, consectetur adipiscing elit. Ut elit tellus, luctus nec ullamcorper mattis, pulvinar dapibus leo.<\/p>\t\t\t\t\t\t<\/div>\n\t\t\t\t<\/div>\n\t\t\t\t\t<\/div>\n\t\t<\/div>\n\t\t\t\t<div class=\"elementor-column elementor-col-50 elementor-top-column elementor-element elementor-element-dc5239f\" data-id=\"dc5239f\" data-element_type=\"column\">\n\t\t\t<div class=\"elementor-widget-wrap elementor-element-populated\">\n\t\t\t\t\t\t<div class=\"elementor-element elementor-element-377b4b3 elementor-position-left elementor-vertical-align-middle elementor-widget elementor-widget-image-box\" data-id=\"377b4b3\" data-element_type=\"widget\" data-widget_type=\"image-box.default\">\n\t\t\t\t<div class=\"elementor-widget-container\">\n\t\t\t<div class=\"elementor-image-box-wrapper\"><figure class=\"elementor-image-box-img\"><img loading=\"lazy\" decoding=\"async\" width=\"400\" height=\"400\" src=\"https:\/\/eearhalterophilie.fr\/wp-content\/uploads\/2023\/05\/ava2.png\" class=\"attachment-full size-full wp-image-213928\" alt=\"\" srcset=\"https:\/\/eearhalterophilie.fr\/wp-content\/uploads\/2023\/05\/ava2.png 400w, https:\/\/eearhalterophilie.fr\/wp-content\/uploads\/2023\/05\/ava2-300x300.png 300w, https:\/\/eearhalterophilie.fr\/wp-content\/uploads\/2023\/05\/ava2-100x100.png 100w, https:\/\/eearhalterophilie.fr\/wp-content\/uploads\/2023\/05\/ava2-150x150.png 150w\" sizes=\"(max-width: 400px) 100vw, 400px\" \/><\/figure><div class=\"elementor-image-box-content\"><h3 class=\"elementor-image-box-title\">Sylvain Giannotti<\/h3><p class=\"elementor-image-box-description\">Entraineur<\/p><\/div><\/div>\t\t<\/div>\n\t\t\t\t<\/div>\n\t\t\t\t<div class=\"elementor-element elementor-element-73fcb05 elementor-widget elementor-widget-text-editor\" data-id=\"73fcb05\" data-element_type=\"widget\" data-widget_type=\"text-editor.default\">\n\t\t\t\t<div class=\"elementor-widget-container\">\n\t\t\t\t\t\t\t<p>I am text block. Click edit button to change this text. Lorem ipsum dolor sit amet, consectetur adipiscing elit. Ut elit tellus, luctus nec ullamcorper mattis, pulvinar dapibus leo.<\/p>\t\t\t\t\t\t<\/div>\n\t\t\t\t<\/div>\n\t\t\t\t\t<\/div>\n\t\t<\/div>\n\t\t\t\t\t<\/div>\n\t\t<\/section>\n\t\t\t\t<\/div>\n\t\t","protected":false},"excerpt":{"rendered":"<p>Les coachs Thibault Ferreira Entraineur Dipl\u00f4m\u00e9 d&rsquo;une Licence Staps de l&rsquo;Universit\u00e9 de Montpellier, Thibault est en charge de la programmation du club. Il est \u00e9galement athl\u00e8te dans l&rsquo;\u00e9quipe en National&hellip;&nbsp;<a href=\"https:\/\/eearhalterophilie.fr\/index.php\/les-coachs\/\" class=\"\" rel=\"bookmark\">Lire la suite &raquo;<span class=\"screen-reader-text\">Les coachs<\/span><\/a><\/p>\n","protected":false},"author":1,"featured_media":0,"parent":0,"menu_order":0,"comment_status":"closed","ping_status":"closed","template":"elementor_header_footer","meta":{"neve_meta_sidebar":"","neve_meta_container":"","neve_meta_enable_content_width":"","neve_meta_content_width":0,"neve_meta_title_alignment":"","neve_meta_author_avatar":"","neve_post_elements_order":"","neve_meta_disable_header":"","neve_meta_disable_footer":"","neve_meta_disable_title":"","_ti_tpc_template_sync":false,"_ti_tpc_template_id":""},"yoast_head":"<!-- This site is optimized with the Yoast SEO plugin v21.8.1 - https:\/\/yoast.com\/wordpress\/plugins\/seo\/ -->\n<title>Les coachs - EEAR Monteux<\/title>\n<meta name=\"robots\" content=\"index, follow, max-snippet:-1, max-image-preview:large, max-video-preview:-1\" \/>\n<link rel=\"canonical\" href=\"https:\/\/eearhalterophilie.fr\/index.php\/les-coachs\/\" \/>\n<meta property=\"og:locale\" content=\"fr_FR\" \/>\n<meta property=\"og:type\" content=\"article\" \/>\n<meta property=\"og:title\" content=\"Les coachs - EEAR Monteux\" \/>\n<meta property=\"og:description\" content=\"Les coachs Thibault Ferreira Entraineur Dipl\u00f4m\u00e9 d&rsquo;une Licence Staps de l&rsquo;Universit\u00e9 de Montpellier, Thibault est en charge de la programmation du club. Il est \u00e9galement athl\u00e8te dans l&rsquo;\u00e9quipe en National&hellip;&nbsp;Lire la suite &raquo;Les coachs\" \/>\n<meta property=\"og:url\" content=\"https:\/\/eearhalterophilie.fr\/index.php\/les-coachs\/\" \/>\n<meta property=\"og:site_name\" content=\"EEAR Monteux\" \/>\n<meta property=\"article:modified_time\" content=\"2023-11-17T21:53:22+00:00\" \/>\n<meta property=\"og:image\" content=\"https:\/\/eearhalterophilie.fr\/wp-content\/uploads\/2023\/05\/thibault-ferreira-cortes-halterophilie.png\" \/>\n<meta name=\"twitter:label1\" content=\"Dur\u00e9e de lecture estim\u00e9e\" \/>\n\t<meta name=\"twitter:data1\" content=\"2 minutes\" \/>\n<script type=\"application\/ld+json\" class=\"yoast-schema-graph\">{\"@context\":\"https:\/\/schema.org\",\"@graph\":[{\"@type\":\"WebPage\",\"@id\":\"https:\/\/eearhalterophilie.fr\/index.php\/les-coachs\/\",\"url\":\"https:\/\/eearhalterophilie.fr\/index.php\/les-coachs\/\",\"name\":\"Les coachs - EEAR Monteux\",\"isPartOf\":{\"@id\":\"https:\/\/eearhalterophilie.fr\/#website\"},\"datePublished\":\"2023-05-04T00:05:18+00:00\",\"dateModified\":\"2023-11-17T21:53:22+00:00\",\"breadcrumb\":{\"@id\":\"https:\/\/eearhalterophilie.fr\/index.php\/les-coachs\/#breadcrumb\"},\"inLanguage\":\"fr-FR\",\"potentialAction\":[{\"@type\":\"ReadAction\",\"target\":[\"https:\/\/eearhalterophilie.fr\/index.php\/les-coachs\/\"]}]},{\"@type\":\"BreadcrumbList\",\"@id\":\"https:\/\/eearhalterophilie.fr\/index.php\/les-coachs\/#breadcrumb\",\"itemListElement\":[{\"@type\":\"ListItem\",\"position\":1,\"name\":\"Accueil\",\"item\":\"https:\/\/eearhalterophilie.fr\/\"},{\"@type\":\"ListItem\",\"position\":2,\"name\":\"Les coachs\"}]},{\"@type\":\"WebSite\",\"@id\":\"https:\/\/eearhalterophilie.fr\/#website\",\"url\":\"https:\/\/eearhalterophilie.fr\/\",\"name\":\"EEAR Monteux\",\"description\":\"\",\"publisher\":{\"@id\":\"https:\/\/eearhalterophilie.fr\/#organization\"},\"potentialAction\":[{\"@type\":\"SearchAction\",\"target\":{\"@type\":\"EntryPoint\",\"urlTemplate\":\"https:\/\/eearhalterophilie.fr\/?s={search_term_string}\"},\"query-input\":\"required name=search_term_string\"}],\"inLanguage\":\"fr-FR\"},{\"@type\":\"Organization\",\"@id\":\"https:\/\/eearhalterophilie.fr\/#organization\",\"name\":\"EEAR Monteux\",\"url\":\"https:\/\/eearhalterophilie.fr\/\",\"logo\":{\"@type\":\"ImageObject\",\"inLanguage\":\"fr-FR\",\"@id\":\"https:\/\/eearhalterophilie.fr\/#\/schema\/logo\/image\/\",\"url\":\"https:\/\/eearhalterophilie.fr\/wp-content\/uploads\/2020\/11\/EEAR-Logo.jpg\",\"contentUrl\":\"https:\/\/eearhalterophilie.fr\/wp-content\/uploads\/2020\/11\/EEAR-Logo.jpg\",\"width\":472,\"height\":472,\"caption\":\"EEAR Monteux\"},\"image\":{\"@id\":\"https:\/\/eearhalterophilie.fr\/#\/schema\/logo\/image\/\"}}]}<\/script>\n<!-- \/ Yoast SEO plugin. -->","yoast_head_json":{"title":"Les coachs - EEAR Monteux","robots":{"index":"index","follow":"follow","max-snippet":"max-snippet:-1","max-image-preview":"max-image-preview:large","max-video-preview":"max-video-preview:-1"},"canonical":"https:\/\/eearhalterophilie.fr\/index.php\/les-coachs\/","og_locale":"fr_FR","og_type":"article","og_title":"Les coachs - EEAR Monteux","og_description":"Les coachs Thibault Ferreira Entraineur Dipl\u00f4m\u00e9 d&rsquo;une Licence Staps de l&rsquo;Universit\u00e9 de Montpellier, Thibault est en charge de la programmation du club. Il est \u00e9galement athl\u00e8te dans l&rsquo;\u00e9quipe en National&hellip;&nbsp;Lire la suite &raquo;Les coachs","og_url":"https:\/\/eearhalterophilie.fr\/index.php\/les-coachs\/","og_site_name":"EEAR Monteux","article_modified_time":"2023-11-17T21:53:22+00:00","og_image":[{"url":"https:\/\/eearhalterophilie.fr\/wp-content\/uploads\/2023\/05\/thibault-ferreira-cortes-halterophilie.png"}],"twitter_misc":{"Dur\u00e9e de lecture estim\u00e9e":"2 minutes"},"schema":{"@context":"https:\/\/schema.org","@graph":[{"@type":"WebPage","@id":"https:\/\/eearhalterophilie.fr\/index.php\/les-coachs\/","url":"https:\/\/eearhalterophilie.fr\/index.php\/les-coachs\/","name":"Les coachs - EEAR Monteux","isPartOf":{"@id":"https:\/\/eearhalterophilie.fr\/#website"},"datePublished":"2023-05-04T00:05:18+00:00","dateModified":"2023-11-17T21:53:22+00:00","breadcrumb":{"@id":"https:\/\/eearhalterophilie.fr\/index.php\/les-coachs\/#breadcrumb"},"inLanguage":"fr-FR","potentialAction":[{"@type":"ReadAction","target":["https:\/\/eearhalterophilie.fr\/index.php\/les-coachs\/"]}]},{"@type":"BreadcrumbList","@id":"https:\/\/eearhalterophilie.fr\/index.php\/les-coachs\/#breadcrumb","itemListElement":[{"@type":"ListItem","position":1,"name":"Accueil","item":"https:\/\/eearhalterophilie.fr\/"},{"@type":"ListItem","position":2,"name":"Les coachs"}]},{"@type":"WebSite","@id":"https:\/\/eearhalterophilie.fr\/#website","url":"https:\/\/eearhalterophilie.fr\/","name":"EEAR Monteux","description":"","publisher":{"@id":"https:\/\/eearhalterophilie.fr\/#organization"},"potentialAction":[{"@type":"SearchAction","target":{"@type":"EntryPoint","urlTemplate":"https:\/\/eearhalterophilie.fr\/?s={search_term_string}"},"query-input":"required name=search_term_string"}],"inLanguage":"fr-FR"},{"@type":"Organization","@id":"https:\/\/eearhalterophilie.fr\/#organization","name":"EEAR Monteux","url":"https:\/\/eearhalterophilie.fr\/","logo":{"@type":"ImageObject","inLanguage":"fr-FR","@id":"https:\/\/eearhalterophilie.fr\/#\/schema\/logo\/image\/","url":"https:\/\/eearhalterophilie.fr\/wp-content\/uploads\/2020\/11\/EEAR-Logo.jpg","contentUrl":"https:\/\/eearhalterophilie.fr\/wp-content\/uploads\/2020\/11\/EEAR-Logo.jpg","width":472,"height":472,"caption":"EEAR Monteux"},"image":{"@id":"https:\/\/eearhalterophilie.fr\/#\/schema\/logo\/image\/"}}]}},"_links":{"self":[{"href":"https:\/\/eearhalterophilie.fr\/index.php\/wp-json\/wp\/v2\/pages\/213915"}],"collection":[{"href":"https:\/\/eearhalterophilie.fr\/index.php\/wp-json\/wp\/v2\/pages"}],"about":[{"href":"https:\/\/eearhalterophilie.fr\/index.php\/wp-json\/wp\/v2\/types\/page"}],"author":[{"embeddable":true,"href":"https:\/\/eearhalterophilie.fr\/index.php\/wp-json\/wp\/v2\/users\/1"}],"replies":[{"embeddable":true,"href":"https:\/\/eearhalterophilie.fr\/index.php\/wp-json\/wp\/v2\/comments?post=213915"}],"version-history":[{"count":40,"href":"https:\/\/eearhalterophilie.fr\/index.php\/wp-json\/wp\/v2\/pages\/213915\/revisions"}],"predecessor-version":[{"id":214416,"href":"https:\/\/eearhalterophilie.fr\/index.php\/wp-json\/wp\/v2\/pages\/213915\/revisions\/214416"}],"wp:attachment":[{"href":"https:\/\/eearhalterophilie.fr\/index.php\/wp-json\/wp\/v2\/media?parent=213915"}],"curies":[{"name":"wp","href":"https:\/\/api.w.org\/{rel}","templated":true}]}}