{"id":214187,"date":"2023-05-05T20:43:14","date_gmt":"2023-05-05T19:43:14","guid":{"rendered":"https:\/\/eearhalterophilie.fr\/?post_type=product&#038;p=214187"},"modified":"2024-11-11T01:39:06","modified_gmt":"2024-11-11T00:39:06","slug":"tournoi-engagement-une-equipe","status":"publish","type":"product","link":"https:\/\/eearhalterophilie.fr\/index.php\/produit\/tournoi-engagement-une-equipe\/","title":{"rendered":"Engagement tournoi de Monteux"},"content":{"rendered":"<p>Inscrivez votre \u00e9quipe de 3 athl\u00e8tes pour participer au Tournoi de Monteux.<\/p>\n<p>Lors de cette journ\u00e9e unique vous rencontrerez des athl\u00e8tes passionn\u00e9s comme vous, retrouverez vos marques pr\u00e9f\u00e9r\u00e9es et repartirez avec des lots et des souvenirs pleins les poches !<\/p>\n<p>Le tournoi de Monteux se d\u00e9roule dans une ambiance familiale pour permettre de se pr\u00e9parer au retour de des comp\u00e9titions mais aussi de faire d\u00e9couvrir une nouvelle discipline. N&rsquo;h\u00e9sitez donc pas \u00e0 inviter vos camarades du fitness ou de la gymnastique par exemple !<\/p>\n<p>Vous souhaitez en savoir plus ? Rendez-vous sur notre <a href=\"https:\/\/eearhalterophilie.fr\/index.php\/tournoi-de-monteux\/\">page d\u00e9di\u00e9e<\/a>.<\/p>\n","protected":false},"excerpt":{"rendered":"<p>Inscription d&rsquo;une \u00e9quipe de 3 comp\u00e9titeurs pour le tournoi de Monteux \u00e9dition septembre 2023.<\/p>\n","protected":false},"featured_media":214218,"comment_status":"open","ping_status":"closed","template":"","meta":{"neve_meta_sidebar":"","neve_meta_container":"","neve_meta_enable_content_width":"off","neve_meta_content_width":100,"neve_meta_title_alignment":"","neve_meta_author_avatar":"","neve_post_elements_order":"","neve_meta_disable_header":"","neve_meta_disable_footer":"","neve_meta_disable_title":"","_ti_tpc_template_sync":false,"_ti_tpc_template_id":""},"product_cat":[24],"product_tag":[],"yoast_head":"<!-- This site is optimized with the Yoast SEO plugin v21.8.1 - https:\/\/yoast.com\/wordpress\/plugins\/seo\/ -->\n<title>Engagement tournoi de Monteux - EEAR Monteux<\/title>\n<meta name=\"description\" content=\"Tournoi de Monteux \u00e9dition 2023 ! Inscription d&#039;une \u00e9quipe de 3 comp\u00e9titeurs pour la journ\u00e9e compl\u00e8te. D\u00e9couvrez une nouvelle comp\u00e9tition ouverte \u00e0 tous.\" \/>\n<meta name=\"robots\" content=\"index, follow, max-snippet:-1, max-image-preview:large, max-video-preview:-1\" \/>\n<link rel=\"canonical\" href=\"https:\/\/eearhalterophilie.fr\/index.php\/produit\/tournoi-engagement-une-equipe\/\" \/>\n<meta property=\"og:locale\" content=\"fr_FR\" \/>\n<meta property=\"og:type\" content=\"article\" \/>\n<meta property=\"og:title\" content=\"Engagement tournoi de Monteux - EEAR Monteux\" \/>\n<meta property=\"og:description\" content=\"Tournoi de Monteux \u00e9dition 2023 ! Inscription d&#039;une \u00e9quipe de 3 comp\u00e9titeurs pour la journ\u00e9e compl\u00e8te. D\u00e9couvrez une nouvelle comp\u00e9tition ouverte \u00e0 tous.\" \/>\n<meta property=\"og:url\" content=\"https:\/\/eearhalterophilie.fr\/index.php\/produit\/tournoi-engagement-une-equipe\/\" \/>\n<meta property=\"og:site_name\" content=\"EEAR Monteux\" \/>\n<meta property=\"article:modified_time\" content=\"2024-11-11T00:39:06+00:00\" \/>\n<meta property=\"og:image\" content=\"https:\/\/eearhalterophilie.fr\/wp-content\/uploads\/2023\/05\/Tournoi-de-monteux.webp\" \/>\n\t<meta property=\"og:image:width\" content=\"1080\" \/>\n\t<meta property=\"og:image:height\" content=\"1080\" \/>\n\t<meta property=\"og:image:type\" content=\"image\/webp\" \/>\n<meta name=\"twitter:label1\" content=\"Dur\u00e9e de lecture estim\u00e9e\" \/>\n\t<meta name=\"twitter:data1\" content=\"1 minute\" \/>\n<script type=\"application\/ld+json\" class=\"yoast-schema-graph\">{\"@context\":\"https:\/\/schema.org\",\"@graph\":[{\"@type\":\"WebPage\",\"@id\":\"https:\/\/eearhalterophilie.fr\/index.php\/produit\/tournoi-engagement-une-equipe\/\",\"url\":\"https:\/\/eearhalterophilie.fr\/index.php\/produit\/tournoi-engagement-une-equipe\/\",\"name\":\"Engagement tournoi de Monteux - EEAR Monteux\",\"isPartOf\":{\"@id\":\"https:\/\/eearhalterophilie.fr\/#website\"},\"datePublished\":\"2023-05-05T19:43:14+00:00\",\"dateModified\":\"2024-11-11T00:39:06+00:00\",\"description\":\"Tournoi de Monteux \u00e9dition 2023 ! Inscription d'une \u00e9quipe de 3 comp\u00e9titeurs pour la journ\u00e9e compl\u00e8te. D\u00e9couvrez une nouvelle comp\u00e9tition ouverte \u00e0 tous.\",\"breadcrumb\":{\"@id\":\"https:\/\/eearhalterophilie.fr\/index.php\/produit\/tournoi-engagement-une-equipe\/#breadcrumb\"},\"inLanguage\":\"fr-FR\",\"potentialAction\":[{\"@type\":\"ReadAction\",\"target\":[\"https:\/\/eearhalterophilie.fr\/index.php\/produit\/tournoi-engagement-une-equipe\/\"]}]},{\"@type\":\"BreadcrumbList\",\"@id\":\"https:\/\/eearhalterophilie.fr\/index.php\/produit\/tournoi-engagement-une-equipe\/#breadcrumb\",\"itemListElement\":[{\"@type\":\"ListItem\",\"position\":1,\"name\":\"Accueil\",\"item\":\"https:\/\/eearhalterophilie.fr\/\"},{\"@type\":\"ListItem\",\"position\":2,\"name\":\"Boutique\",\"item\":\"https:\/\/eearhalterophilie.fr\/index.php\/boutique\/\"},{\"@type\":\"ListItem\",\"position\":3,\"name\":\"Engagement tournoi de Monteux\"}]},{\"@type\":\"WebSite\",\"@id\":\"https:\/\/eearhalterophilie.fr\/#website\",\"url\":\"https:\/\/eearhalterophilie.fr\/\",\"name\":\"EEAR Monteux\",\"description\":\"\",\"publisher\":{\"@id\":\"https:\/\/eearhalterophilie.fr\/#organization\"},\"potentialAction\":[{\"@type\":\"SearchAction\",\"target\":{\"@type\":\"EntryPoint\",\"urlTemplate\":\"https:\/\/eearhalterophilie.fr\/?s={search_term_string}\"},\"query-input\":\"required name=search_term_string\"}],\"inLanguage\":\"fr-FR\"},{\"@type\":\"Organization\",\"@id\":\"https:\/\/eearhalterophilie.fr\/#organization\",\"name\":\"EEAR Monteux\",\"url\":\"https:\/\/eearhalterophilie.fr\/\",\"logo\":{\"@type\":\"ImageObject\",\"inLanguage\":\"fr-FR\",\"@id\":\"https:\/\/eearhalterophilie.fr\/#\/schema\/logo\/image\/\",\"url\":\"https:\/\/eearhalterophilie.fr\/wp-content\/uploads\/2020\/11\/EEAR-Logo.jpg\",\"contentUrl\":\"https:\/\/eearhalterophilie.fr\/wp-content\/uploads\/2020\/11\/EEAR-Logo.jpg\",\"width\":472,\"height\":472,\"caption\":\"EEAR Monteux\"},\"image\":{\"@id\":\"https:\/\/eearhalterophilie.fr\/#\/schema\/logo\/image\/\"}}]}<\/script>\n<!-- \/ Yoast SEO plugin. -->","yoast_head_json":{"title":"Engagement tournoi de Monteux - EEAR Monteux","description":"Tournoi de Monteux \u00e9dition 2023 ! Inscription d'une \u00e9quipe de 3 comp\u00e9titeurs pour la journ\u00e9e compl\u00e8te. D\u00e9couvrez une nouvelle comp\u00e9tition ouverte \u00e0 tous.","robots":{"index":"index","follow":"follow","max-snippet":"max-snippet:-1","max-image-preview":"max-image-preview:large","max-video-preview":"max-video-preview:-1"},"canonical":"https:\/\/eearhalterophilie.fr\/index.php\/produit\/tournoi-engagement-une-equipe\/","og_locale":"fr_FR","og_type":"article","og_title":"Engagement tournoi de Monteux - EEAR Monteux","og_description":"Tournoi de Monteux \u00e9dition 2023 ! Inscription d'une \u00e9quipe de 3 comp\u00e9titeurs pour la journ\u00e9e compl\u00e8te. D\u00e9couvrez une nouvelle comp\u00e9tition ouverte \u00e0 tous.","og_url":"https:\/\/eearhalterophilie.fr\/index.php\/produit\/tournoi-engagement-une-equipe\/","og_site_name":"EEAR Monteux","article_modified_time":"2024-11-11T00:39:06+00:00","og_image":[{"width":1080,"height":1080,"url":"https:\/\/eearhalterophilie.fr\/wp-content\/uploads\/2023\/05\/Tournoi-de-monteux.webp","type":"image\/webp"}],"twitter_misc":{"Dur\u00e9e de lecture estim\u00e9e":"1 minute"},"schema":{"@context":"https:\/\/schema.org","@graph":[{"@type":"WebPage","@id":"https:\/\/eearhalterophilie.fr\/index.php\/produit\/tournoi-engagement-une-equipe\/","url":"https:\/\/eearhalterophilie.fr\/index.php\/produit\/tournoi-engagement-une-equipe\/","name":"Engagement tournoi de Monteux - EEAR Monteux","isPartOf":{"@id":"https:\/\/eearhalterophilie.fr\/#website"},"datePublished":"2023-05-05T19:43:14+00:00","dateModified":"2024-11-11T00:39:06+00:00","description":"Tournoi de Monteux \u00e9dition 2023 ! Inscription d'une \u00e9quipe de 3 comp\u00e9titeurs pour la journ\u00e9e compl\u00e8te. D\u00e9couvrez une nouvelle comp\u00e9tition ouverte \u00e0 tous.","breadcrumb":{"@id":"https:\/\/eearhalterophilie.fr\/index.php\/produit\/tournoi-engagement-une-equipe\/#breadcrumb"},"inLanguage":"fr-FR","potentialAction":[{"@type":"ReadAction","target":["https:\/\/eearhalterophilie.fr\/index.php\/produit\/tournoi-engagement-une-equipe\/"]}]},{"@type":"BreadcrumbList","@id":"https:\/\/eearhalterophilie.fr\/index.php\/produit\/tournoi-engagement-une-equipe\/#breadcrumb","itemListElement":[{"@type":"ListItem","position":1,"name":"Accueil","item":"https:\/\/eearhalterophilie.fr\/"},{"@type":"ListItem","position":2,"name":"Boutique","item":"https:\/\/eearhalterophilie.fr\/index.php\/boutique\/"},{"@type":"ListItem","position":3,"name":"Engagement tournoi de Monteux"}]},{"@type":"WebSite","@id":"https:\/\/eearhalterophilie.fr\/#website","url":"https:\/\/eearhalterophilie.fr\/","name":"EEAR Monteux","description":"","publisher":{"@id":"https:\/\/eearhalterophilie.fr\/#organization"},"potentialAction":[{"@type":"SearchAction","target":{"@type":"EntryPoint","urlTemplate":"https:\/\/eearhalterophilie.fr\/?s={search_term_string}"},"query-input":"required name=search_term_string"}],"inLanguage":"fr-FR"},{"@type":"Organization","@id":"https:\/\/eearhalterophilie.fr\/#organization","name":"EEAR Monteux","url":"https:\/\/eearhalterophilie.fr\/","logo":{"@type":"ImageObject","inLanguage":"fr-FR","@id":"https:\/\/eearhalterophilie.fr\/#\/schema\/logo\/image\/","url":"https:\/\/eearhalterophilie.fr\/wp-content\/uploads\/2020\/11\/EEAR-Logo.jpg","contentUrl":"https:\/\/eearhalterophilie.fr\/wp-content\/uploads\/2020\/11\/EEAR-Logo.jpg","width":472,"height":472,"caption":"EEAR Monteux"},"image":{"@id":"https:\/\/eearhalterophilie.fr\/#\/schema\/logo\/image\/"}}]}},"_links":{"self":[{"href":"https:\/\/eearhalterophilie.fr\/index.php\/wp-json\/wp\/v3\/product\/214187"}],"collection":[{"href":"https:\/\/eearhalterophilie.fr\/index.php\/wp-json\/wp\/v3\/product"}],"about":[{"href":"https:\/\/eearhalterophilie.fr\/index.php\/wp-json\/wp\/v2\/types\/product"}],"replies":[{"embeddable":true,"href":"https:\/\/eearhalterophilie.fr\/index.php\/wp-json\/wp\/v2\/comments?post=214187"}],"wp:featuredmedia":[{"embeddable":true,"href":"https:\/\/eearhalterophilie.fr\/index.php\/wp-json\/wp\/v2\/media\/214218"}],"wp:attachment":[{"href":"https:\/\/eearhalterophilie.fr\/index.php\/wp-json\/wp\/v2\/media?parent=214187"}],"wp:term":[{"taxonomy":"product_cat","embeddable":true,"href":"https:\/\/eearhalterophilie.fr\/index.php\/wp-json\/wp\/v2\/product_cat?post=214187"},{"taxonomy":"product_tag","embeddable":true,"href":"https:\/\/eearhalterophilie.fr\/index.php\/wp-json\/wp\/v2\/product_tag?post=214187"}],"curies":[{"name":"wp","href":"https:\/\/api.w.org\/{rel}","templated":true}]}}